{"id":473,"date":"2012-01-28T21:57:26","date_gmt":"2012-01-28T21:57:26","guid":{"rendered":"https:\/\/dismelodie.be\/blog\/?page_id=473"},"modified":"2024-05-23T16:19:59","modified_gmt":"2024-05-23T14:19:59","slug":"le-livre","status":"publish","type":"page","link":"https:\/\/www.dismelodie.be\/blog\/","title":{"rendered":"Le livre"},"content":{"rendered":"<h3 style=\"text-align: left; font-size: smaller;\">De bouche \u00e0 oreille,<br \/>\nde coup de c\u0153ur de lecteurs en coup de c\u0153ur de libraires,<br \/>\nde r\u00e9impression en r\u00e9impression,<\/h3>\n<p>&nbsp;<\/p>\n<p style=\"text-align: left; font-size: larger;\"><strong>38.000 exemplaires ont pris leur envol.<\/strong><\/p>\n<p>&nbsp;<\/p>\n<p><strong>R\u00e9\u00e9ditions annuelles depuis 20 ans<\/strong><\/p>\n<p><strong>Derni\u00e8re r\u00e9\u00e9dition : printemps 2024<br \/>\n<\/strong><span style=\"font-size: small;\">BC.JACQUES EDITION\u00a0(4802 Heusy, Belgique &#8211; T\u00e9l. : + 32 87 221487)<br \/>\n<\/span><span style=\"font-size: small;\">ISBN 978-2-9601269-1-4<\/span><\/p>\n<p><strong>En anglais :<a href=\"https:\/\/www.dismelodie.be\/blog\/tell-me-do-wings-grow-back\/\"><br \/>\n<\/a><\/strong><strong>\u00ab\u00a0Tell me, do our wings grow back ?\u00a0\u00bb<br \/>\n<\/strong><span style=\"font-size: small;\">Traduction par Hans von Zinkernagel (US), cherche un \u00e9diteur<\/span><\/p>\n<p style=\"text-align: left;\"><img loading=\"lazy\" class=\"alignnone wp-image-1219\" title=\"www.dismelodie.be\" src=\"https:\/\/www.dismelodie.be\/blog\/wp-content\/uploads\/2012\/01\/patchwork-1024x1024.jpg\" alt=\"\" width=\"584\" height=\"584\" srcset=\"https:\/\/www.dismelodie.be\/blog\/wp-content\/uploads\/2012\/01\/patchwork-1024x1024.jpg 1024w, https:\/\/www.dismelodie.be\/blog\/wp-content\/uploads\/2012\/01\/patchwork-150x150.jpg 150w, https:\/\/www.dismelodie.be\/blog\/wp-content\/uploads\/2012\/01\/patchwork-300x300.jpg 300w\" sizes=\"(max-width: 584px) 100vw, 584px\" \/><\/p>\n<blockquote>\n<p style=\"text-align: left;\">\u00abCe magnifique livre, touchant et de qualit\u00e9, \u00e0\u00a0la mise en page parfaite, est un beau conte\u00a0plut\u00f4t pour adultes, comme on n&rsquo;en n&rsquo;a plus \u00e9crit depuis\u00a0Saint-Exup\u00e9ry (Le Petit Prince), Bach (Jonathan Livingstone), Gibran ou Bobin.\u00bb<\/p>\n<\/blockquote>\n<p style=\"text-align: right; font-size: small;\">(Michel Piquemal, \u00e9crivain et directeur de collection chez Albin Michel)<\/p>\n<p>&nbsp;<\/p>\n<p style=\"text-align: left;\"><em>\u00abSi la nuit les \u00e9toiles relaient le soleil,<\/em><br \/>\n<em>c&rsquo;est pour ne pas laisser s&rsquo;\u00e9teindre l&rsquo;esp\u00e9rance.\u00bb<\/em><br \/>\n<em>\u00a0 \u00a0 \u00a0 \u00a0 \u00a0 \u00a0 \u00a0 \u00a0 \u00a0 \u00a0 \u00a0 \u00a0 \u00a0 \u00a0 \u00a0 \u00a0 \u00a0 \u00a0 \u00a0 \u00a0 \u00a0dit-il avec une infinie tendresse&#8230;<\/em><\/p>\n<p style=\"text-align: left;\">Une petite fille d\u00e9couvre le myst\u00e8re d&rsquo;un oiseau qui parle de cages, d&rsquo;envol, d&rsquo;orages, d&rsquo;altitude, de fleurs inattendues&#8230;<\/p>\n<p style=\"text-align: left;\">On est touch\u00e9 par la beaut\u00e9 du texte et des illustrations, une petite merveille de po\u00e9sie et de\u00a0psychologie,<\/p>\n<p style=\"text-align: left;\">un beau voyage int\u00e9rieur qui revitalise, tout en douceur, les ailes et les coeurs&#8230;<\/p>\n<p>&nbsp;<\/p>\n<h6 style=\"text-align: left; font-size: small;\"><strong>Pr\u00e9face d&rsquo;Yves Duteil<br \/>\n<\/strong><strong>80 pages &#8211; 16 euros<\/strong><\/h6>\n","protected":false},"excerpt":{"rendered":"<p>De bouche \u00e0 oreille, de coup de c\u0153ur de lecteurs en coup de c\u0153ur de libraires, de r\u00e9impression en r\u00e9impression, &nbsp; 38.000 exemplaires ont pris leur envol. &nbsp; R\u00e9\u00e9ditions annuelles depuis 20 ans Derni\u00e8re r\u00e9\u00e9dition : printemps 2024 BC.JACQUES EDITION\u00a0(4802 &hellip; <a href=\"https:\/\/www.dismelodie.be\/blog\/\">Continuer la lecture <span class=\"meta-nav\">&rarr;<\/span><\/a><\/p>\n","protected":false},"author":1,"featured_media":0,"parent":0,"menu_order":0,"comment_status":"closed","ping_status":"open","template":"sidebar-page.php","meta":[],"_links":{"self":[{"href":"https:\/\/www.dismelodie.be\/blog\/wp-json\/wp\/v2\/pages\/473"}],"collection":[{"href":"https:\/\/www.dismelodie.be\/blog\/wp-json\/wp\/v2\/pages"}],"about":[{"href":"https:\/\/www.dismelodie.be\/blog\/wp-json\/wp\/v2\/types\/page"}],"author":[{"embeddable":true,"href":"https:\/\/www.dismelodie.be\/blog\/wp-json\/wp\/v2\/users\/1"}],"replies":[{"embeddable":true,"href":"https:\/\/www.dismelodie.be\/blog\/wp-json\/wp\/v2\/comments?post=473"}],"version-history":[{"count":144,"href":"https:\/\/www.dismelodie.be\/blog\/wp-json\/wp\/v2\/pages\/473\/revisions"}],"predecessor-version":[{"id":1393,"href":"https:\/\/www.dismelodie.be\/blog\/wp-json\/wp\/v2\/pages\/473\/revisions\/1393"}],"wp:attachment":[{"href":"https:\/\/www.dismelodie.be\/blog\/wp-json\/wp\/v2\/media?parent=473"}],"curies":[{"name":"wp","href":"https:\/\/api.w.org\/{rel}","templated":true}]}}